{"id":263,"date":"2021-06-17T12:28:06","date_gmt":"2021-06-17T12:28:06","guid":{"rendered":"https:\/\/myhapartners.com\/?page_id=263"},"modified":"2021-06-18T09:51:36","modified_gmt":"2021-06-18T09:51:36","slug":"notre-equipe","status":"publish","type":"page","link":"https:\/\/myhapartners.com\/index.php\/notre-equipe\/","title":{"rendered":"Notre \u00e9quipe"},"content":{"rendered":"\t\t<div data-elementor-type=\"wp-page\" data-elementor-id=\"263\" class=\"elementor elementor-263\" data-elementor-settings=\"[]\">\n\t\t\t\t\t\t\t<div class=\"elementor-section-wrap\">\n\t\t\t\t\t\t\t<section class=\"elementor-section elementor-top-section elementor-element elementor-element-1cd6b95 elementor-section-boxed elementor-section-height-default elementor-section-height-default\" data-id=\"1cd6b95\" data-element_type=\"section\">\n\t\t\t\t\t\t<div class=\"elementor-container elementor-column-gap-default\">\n\t\t\t\t\t<div class=\"elementor-column elementor-col-100 elementor-top-column elementor-element elementor-element-932f4d5\" data-id=\"932f4d5\" data-element_type=\"column\">\n\t\t\t<div class=\"elementor-widget-wrap elementor-element-populated\">\n\t\t\t\t\t\t\t\t<div class=\"elementor-element elementor-element-dbddf0a elementor-widget elementor-widget-spacer\" data-id=\"dbddf0a\" data-element_type=\"widget\" data-widget_type=\"spacer.default\">\n\t\t\t\t<div class=\"elementor-widget-container\">\n\t\t\t\t\t<div class=\"elementor-spacer\">\n\t\t\t<div class=\"elementor-spacer-inner\"><\/div>\n\t\t<\/div>\n\t\t\t\t<\/div>\n\t\t\t\t<\/div>\n\t\t\t\t<div class=\"elementor-element elementor-element-0e2aa48 elementor-widget elementor-widget-heading\" data-id=\"0e2aa48\" data-element_type=\"widget\" data-widget_type=\"heading.default\">\n\t\t\t\t<div class=\"elementor-widget-container\">\n\t\t\t<h2 class=\"elementor-heading-title elementor-size-default\">NOS VALEURS ET ETATS DE SERVICE<\/h2>\t\t<\/div>\n\t\t\t\t<\/div>\n\t\t\t\t<div class=\"elementor-element elementor-element-8a008bd elementor-widget elementor-widget-spacer\" data-id=\"8a008bd\" data-element_type=\"widget\" data-widget_type=\"spacer.default\">\n\t\t\t\t<div class=\"elementor-widget-container\">\n\t\t\t\t\t<div class=\"elementor-spacer\">\n\t\t\t<div class=\"elementor-spacer-inner\"><\/div>\n\t\t<\/div>\n\t\t\t\t<\/div>\n\t\t\t\t<\/div>\n\t\t\t\t\t<\/div>\n\t\t<\/div>\n\t\t\t\t\t\t\t<\/div>\n\t\t<\/section>\n\t\t\t\t<section class=\"elementor-section elementor-top-section elementor-element elementor-element-1efedaa elementor-section-boxed elementor-section-height-default elementor-section-height-default\" data-id=\"1efedaa\" data-element_type=\"section\" data-settings=\"{&quot;background_background&quot;:&quot;classic&quot;}\">\n\t\t\t\t\t\t<div class=\"elementor-container elementor-column-gap-default\">\n\t\t\t\t\t<div class=\"elementor-column elementor-col-100 elementor-top-column elementor-element elementor-element-b3ed16d\" data-id=\"b3ed16d\" data-element_type=\"column\">\n\t\t\t<div class=\"elementor-widget-wrap elementor-element-populated\">\n\t\t\t\t\t\t\t\t<section class=\"elementor-section elementor-inner-section elementor-element elementor-element-b16ada3 elementor-section-boxed elementor-section-height-default elementor-section-height-default\" data-id=\"b16ada3\" data-element_type=\"section\">\n\t\t\t\t\t\t<div class=\"elementor-container elementor-column-gap-default\">\n\t\t\t\t\t<div class=\"elementor-column elementor-col-25 elementor-inner-column elementor-element elementor-element-08259cf\" data-id=\"08259cf\" data-element_type=\"column\">\n\t\t\t<div class=\"elementor-widget-wrap elementor-element-populated\">\n\t\t\t\t\t\t\t\t<div class=\"elementor-element elementor-element-dd56259 elementor-widget elementor-widget-text-editor\" data-id=\"dd56259\" data-element_type=\"widget\" data-widget_type=\"text-editor.default\">\n\t\t\t\t<div class=\"elementor-widget-container\">\n\t\t\t\t\t\t\t\t<p><b>Philippe Hanouet<\/b><\/p><p>Philippe met \u00e0 disposition des dirigeants qu\u2019il accompagne 35 ans de carri\u00e8re en tant que consultant, dirigeant et investisseur<\/p><p>Un tiers de sa carri\u00e8re est r\u00e9alis\u00e9 en audit, chez Arthur Andersen, puis \u00e0 la Compagnie G\u00e9n\u00e9rale des Eaux o\u00f9 il cr\u00e9e la Direction de l\u2019Audit Interne<\/p><p>Pendant douze ans il occupe des fonctions op\u00e9rationnelles en tant que CFO chez Docks de France Paris, Dalkia, puis Cegelec dans le cadre des trois LBO successifs<\/p><p>Depuis 2009, il \u00e9tait investisseur en tant qu\u2019associ\u00e9 majoritaire via le groupe Dzeta qu\u2019il cofonde et en tant qu\u2019associ\u00e9 minoritaire par ailleurs. MyHa est d\u00e9sormais la structure d\u2019investissement global<\/p><p><i>ESSEC (1986) &#8211; Dipl\u00f4me d\u2019Expertise Comptable<\/i><\/p>\t\t\t\t\t\t<\/div>\n\t\t\t\t<\/div>\n\t\t\t\t\t<\/div>\n\t\t<\/div>\n\t\t\t\t<div class=\"elementor-column elementor-col-25 elementor-inner-column elementor-element elementor-element-a527cf8\" data-id=\"a527cf8\" data-element_type=\"column\">\n\t\t\t<div class=\"elementor-widget-wrap elementor-element-populated\">\n\t\t\t\t\t\t\t\t<div class=\"elementor-element elementor-element-d258fbc elementor-widget elementor-widget-image\" data-id=\"d258fbc\" data-element_type=\"widget\" data-widget_type=\"image.default\">\n\t\t\t\t<div class=\"elementor-widget-container\">\n\t\t\t\t\t\t\t\t\t\t\t\t\t\t\t<img loading=\"lazy\" decoding=\"async\" width=\"731\" height=\"1024\" src=\"https:\/\/myhapartners.com\/wp-content\/uploads\/2021\/06\/PH_2-NB-bis-731x1024.jpg\" class=\"attachment-large size-large\" alt=\"\" srcset=\"https:\/\/myhapartners.com\/wp-content\/uploads\/2021\/06\/PH_2-NB-bis-731x1024.jpg 731w, https:\/\/myhapartners.com\/wp-content\/uploads\/2021\/06\/PH_2-NB-bis-214x300.jpg 214w, https:\/\/myhapartners.com\/wp-content\/uploads\/2021\/06\/PH_2-NB-bis-768x1076.jpg 768w, https:\/\/myhapartners.com\/wp-content\/uploads\/2021\/06\/PH_2-NB-bis.jpg 1071w\" sizes=\"auto, (max-width: 731px) 100vw, 731px\" \/>\t\t\t\t\t\t\t\t\t\t\t\t\t\t\t<\/div>\n\t\t\t\t<\/div>\n\t\t\t\t<div class=\"elementor-element elementor-element-ca181d8 elementor-widget elementor-widget-spacer\" data-id=\"ca181d8\" data-element_type=\"widget\" data-widget_type=\"spacer.default\">\n\t\t\t\t<div class=\"elementor-widget-container\">\n\t\t\t\t\t<div class=\"elementor-spacer\">\n\t\t\t<div class=\"elementor-spacer-inner\"><\/div>\n\t\t<\/div>\n\t\t\t\t<\/div>\n\t\t\t\t<\/div>\n\t\t\t\t<div class=\"elementor-element elementor-element-1fed229 elementor-widget elementor-widget-image\" data-id=\"1fed229\" data-element_type=\"widget\" data-widget_type=\"image.default\">\n\t\t\t\t<div class=\"elementor-widget-container\">\n\t\t\t\t\t\t\t\t\t\t\t\t\t\t\t<img loading=\"lazy\" decoding=\"async\" width=\"732\" height=\"1024\" src=\"https:\/\/myhapartners.com\/wp-content\/uploads\/2021\/06\/JG_2-NB-bis-732x1024.jpg\" class=\"attachment-large size-large\" alt=\"\" srcset=\"https:\/\/myhapartners.com\/wp-content\/uploads\/2021\/06\/JG_2-NB-bis-732x1024.jpg 732w, https:\/\/myhapartners.com\/wp-content\/uploads\/2021\/06\/JG_2-NB-bis-214x300.jpg 214w, https:\/\/myhapartners.com\/wp-content\/uploads\/2021\/06\/JG_2-NB-bis-768x1075.jpg 768w, https:\/\/myhapartners.com\/wp-content\/uploads\/2021\/06\/JG_2-NB-bis.jpg 1072w\" sizes=\"auto, (max-width: 732px) 100vw, 732px\" \/>\t\t\t\t\t\t\t\t\t\t\t\t\t\t\t<\/div>\n\t\t\t\t<\/div>\n\t\t\t\t\t<\/div>\n\t\t<\/div>\n\t\t\t\t<div class=\"elementor-column elementor-col-25 elementor-inner-column elementor-element elementor-element-c4626d2\" data-id=\"c4626d2\" data-element_type=\"column\">\n\t\t\t<div class=\"elementor-widget-wrap elementor-element-populated\">\n\t\t\t\t\t\t\t\t<div class=\"elementor-element elementor-element-c94cd9d elementor-widget elementor-widget-text-editor\" data-id=\"c94cd9d\" data-element_type=\"widget\" data-widget_type=\"text-editor.default\">\n\t\t\t\t<div class=\"elementor-widget-container\">\n\t\t\t\t\t\t\t\t<p>Curiosit\u00e9<br \/>Bienveillance<br \/>Respect<\/p>\t\t\t\t\t\t<\/div>\n\t\t\t\t<\/div>\n\t\t\t\t<div class=\"elementor-element elementor-element-720b7fa elementor-widget elementor-widget-spacer\" data-id=\"720b7fa\" data-element_type=\"widget\" data-widget_type=\"spacer.default\">\n\t\t\t\t<div class=\"elementor-widget-container\">\n\t\t\t\t\t<div class=\"elementor-spacer\">\n\t\t\t<div class=\"elementor-spacer-inner\"><\/div>\n\t\t<\/div>\n\t\t\t\t<\/div>\n\t\t\t\t<\/div>\n\t\t\t\t<div class=\"elementor-element elementor-element-4ae73d1 elementor-widget elementor-widget-text-editor\" data-id=\"4ae73d1\" data-element_type=\"widget\" data-widget_type=\"text-editor.default\">\n\t\t\t\t<div class=\"elementor-widget-container\">\n\t\t\t\t\t\t\t\t<p>Partage<br \/>Transparence<br \/>Fair-Play<\/p>\t\t\t\t\t\t<\/div>\n\t\t\t\t<\/div>\n\t\t\t\t<div class=\"elementor-element elementor-element-7ae343b elementor-widget elementor-widget-spacer\" data-id=\"7ae343b\" data-element_type=\"widget\" data-widget_type=\"spacer.default\">\n\t\t\t\t<div class=\"elementor-widget-container\">\n\t\t\t\t\t<div class=\"elementor-spacer\">\n\t\t\t<div class=\"elementor-spacer-inner\"><\/div>\n\t\t<\/div>\n\t\t\t\t<\/div>\n\t\t\t\t<\/div>\n\t\t\t\t<div class=\"elementor-element elementor-element-550fa23 elementor-widget elementor-widget-text-editor\" data-id=\"550fa23\" data-element_type=\"widget\" data-widget_type=\"text-editor.default\">\n\t\t\t\t<div class=\"elementor-widget-container\">\n\t\t\t\t\t\t\t\t<p>Rigueur<br \/>Int\u00e9grit\u00e9<br \/>Professionnalisme<\/p>\t\t\t\t\t\t<\/div>\n\t\t\t\t<\/div>\n\t\t\t\t\t<\/div>\n\t\t<\/div>\n\t\t\t\t<div class=\"elementor-column elementor-col-25 elementor-inner-column elementor-element elementor-element-849c673\" data-id=\"849c673\" data-element_type=\"column\">\n\t\t\t<div class=\"elementor-widget-wrap elementor-element-populated\">\n\t\t\t\t\t\t\t\t<div class=\"elementor-element elementor-element-536bbdc elementor-widget elementor-widget-text-editor\" data-id=\"536bbdc\" data-element_type=\"widget\" data-widget_type=\"text-editor.default\">\n\t\t\t\t<div class=\"elementor-widget-container\">\n\t\t\t\t\t\t\t\t<p><b>Joseph Gadenne<\/b><\/p><p>Joseph cumule 10 ans d\u2019exp\u00e9rience aux c\u00f4t\u00e9 des directions d\u2019entreprises.<\/p><p>Il d\u00e9bute sa carri\u00e8re en tant qu\u2019avocat chez Ashurst LLP, intervenant aux c\u00f4t\u00e9s de dirigeants ou d\u2019investisseurs dans le cadre d\u2019op\u00e9rations de LBO<\/p><p>Il rejoint ensuite les \u00e9quipes de Dzeta avant de cofonder MyHa en 2020<br \/><br \/><br \/><br \/><i>HEC (2012) &#8211; CAPA<\/i><\/p>\t\t\t\t\t\t<\/div>\n\t\t\t\t<\/div>\n\t\t\t\t\t<\/div>\n\t\t<\/div>\n\t\t\t\t\t\t\t<\/div>\n\t\t<\/section>\n\t\t\t\t\t<\/div>\n\t\t<\/div>\n\t\t\t\t\t\t\t<\/div>\n\t\t<\/section>\n\t\t\t\t\t\t<\/div>\n\t\t\t\t\t<\/div>\n\t\t","protected":false},"excerpt":{"rendered":"<p>NOS VALEURS ET ETATS DE SERVICE Philippe Hanouet Philippe met \u00e0 disposition des dirigeants qu\u2019il accompagne 35 ans de carri\u00e8re en tant que consultant, dirigeant et investisseur Un tiers de &#8230;<\/p>\n","protected":false},"author":1,"featured_media":0,"parent":0,"menu_order":4,"comment_status":"closed","ping_status":"closed","template":"","meta":{"footnotes":""},"class_list":["post-263","page","type-page","status-publish","hentry"],"_links":{"self":[{"href":"https:\/\/myhapartners.com\/index.php\/wp-json\/wp\/v2\/pages\/263","targetHints":{"allow":["GET"]}}],"collection":[{"href":"https:\/\/myhapartners.com\/index.php\/wp-json\/wp\/v2\/pages"}],"about":[{"href":"https:\/\/myhapartners.com\/index.php\/wp-json\/wp\/v2\/types\/page"}],"author":[{"embeddable":true,"href":"https:\/\/myhapartners.com\/index.php\/wp-json\/wp\/v2\/users\/1"}],"replies":[{"embeddable":true,"href":"https:\/\/myhapartners.com\/index.php\/wp-json\/wp\/v2\/comments?post=263"}],"version-history":[{"count":22,"href":"https:\/\/myhapartners.com\/index.php\/wp-json\/wp\/v2\/pages\/263\/revisions"}],"predecessor-version":[{"id":369,"href":"https:\/\/myhapartners.com\/index.php\/wp-json\/wp\/v2\/pages\/263\/revisions\/369"}],"wp:attachment":[{"href":"https:\/\/myhapartners.com\/index.php\/wp-json\/wp\/v2\/media?parent=263"}],"curies":[{"name":"wp","href":"https:\/\/api.w.org\/{rel}","templated":true}]}}