{"id":251,"date":"2021-06-17T12:17:11","date_gmt":"2021-06-17T12:17:11","guid":{"rendered":"https:\/\/myhapartners.com\/?page_id=251"},"modified":"2021-06-17T13:51:40","modified_gmt":"2021-06-17T13:51:40","slug":"savoir-faire","status":"publish","type":"page","link":"https:\/\/myhapartners.com\/index.php\/savoir-faire\/","title":{"rendered":"Savoir-Faire"},"content":{"rendered":"\t\t<div data-elementor-type=\"wp-page\" data-elementor-id=\"251\" class=\"elementor elementor-251\" data-elementor-settings=\"[]\">\n\t\t\t\t\t\t\t<div class=\"elementor-section-wrap\">\n\t\t\t\t\t\t\t<section class=\"elementor-section elementor-top-section elementor-element elementor-element-1cd6b95 elementor-section-boxed elementor-section-height-default elementor-section-height-default\" data-id=\"1cd6b95\" data-element_type=\"section\">\n\t\t\t\t\t\t<div class=\"elementor-container elementor-column-gap-default\">\n\t\t\t\t\t<div class=\"elementor-column elementor-col-100 elementor-top-column elementor-element elementor-element-932f4d5\" data-id=\"932f4d5\" data-element_type=\"column\">\n\t\t\t<div class=\"elementor-widget-wrap elementor-element-populated\">\n\t\t\t\t\t\t\t\t<div class=\"elementor-element elementor-element-8a008bd elementor-widget elementor-widget-spacer\" data-id=\"8a008bd\" data-element_type=\"widget\" data-widget_type=\"spacer.default\">\n\t\t\t\t<div class=\"elementor-widget-container\">\n\t\t\t\t\t<div class=\"elementor-spacer\">\n\t\t\t<div class=\"elementor-spacer-inner\"><\/div>\n\t\t<\/div>\n\t\t\t\t<\/div>\n\t\t\t\t<\/div>\n\t\t\t\t<div class=\"elementor-element elementor-element-0e2aa48 elementor-widget elementor-widget-heading\" data-id=\"0e2aa48\" data-element_type=\"widget\" data-widget_type=\"heading.default\">\n\t\t\t\t<div class=\"elementor-widget-container\">\n\t\t\t<h2 class=\"elementor-heading-title elementor-size-default\">DYNAMISER NOS TALENTS POUR MAXIMISER LA CREATION DE VALEUR<\/h2>\t\t<\/div>\n\t\t\t\t<\/div>\n\t\t\t\t<div class=\"elementor-element elementor-element-93ced25 elementor-widget elementor-widget-spacer\" data-id=\"93ced25\" data-element_type=\"widget\" data-widget_type=\"spacer.default\">\n\t\t\t\t<div class=\"elementor-widget-container\">\n\t\t\t\t\t<div class=\"elementor-spacer\">\n\t\t\t<div class=\"elementor-spacer-inner\"><\/div>\n\t\t<\/div>\n\t\t\t\t<\/div>\n\t\t\t\t<\/div>\n\t\t\t\t\t<\/div>\n\t\t<\/div>\n\t\t\t\t\t\t\t<\/div>\n\t\t<\/section>\n\t\t\t\t<section class=\"elementor-section elementor-top-section elementor-element elementor-element-1efedaa elementor-section-boxed elementor-section-height-default elementor-section-height-default\" data-id=\"1efedaa\" data-element_type=\"section\" data-settings=\"{&quot;background_background&quot;:&quot;classic&quot;}\">\n\t\t\t\t\t\t<div class=\"elementor-container elementor-column-gap-default\">\n\t\t\t\t\t<div class=\"elementor-column elementor-col-100 elementor-top-column elementor-element elementor-element-b3ed16d\" data-id=\"b3ed16d\" data-element_type=\"column\">\n\t\t\t<div class=\"elementor-widget-wrap elementor-element-populated\">\n\t\t\t\t\t\t\t\t<section class=\"elementor-section elementor-inner-section elementor-element elementor-element-b16ada3 elementor-section-boxed elementor-section-height-default elementor-section-height-default\" data-id=\"b16ada3\" data-element_type=\"section\">\n\t\t\t\t\t\t<div class=\"elementor-container elementor-column-gap-default\">\n\t\t\t\t\t<div class=\"elementor-column elementor-col-33 elementor-inner-column elementor-element elementor-element-08259cf\" data-id=\"08259cf\" data-element_type=\"column\">\n\t\t\t<div class=\"elementor-widget-wrap elementor-element-populated\">\n\t\t\t\t\t\t\t\t<div class=\"elementor-element elementor-element-31b7ad0 elementor-widget elementor-widget-text-editor\" data-id=\"31b7ad0\" data-element_type=\"widget\" data-widget_type=\"text-editor.default\">\n\t\t\t\t<div class=\"elementor-widget-container\">\n\t\t\t\t\t\t\t\t<p>OBJECTIFS DE CREATION DE VALEUR<\/p>\t\t\t\t\t\t<\/div>\n\t\t\t\t<\/div>\n\t\t\t\t<div class=\"elementor-element elementor-element-4e34eda elementor-widget elementor-widget-text-editor\" data-id=\"4e34eda\" data-element_type=\"widget\" data-widget_type=\"text-editor.default\">\n\t\t\t\t<div class=\"elementor-widget-container\">\n\t\t\t\t\t\t\t\t<p><strong>Croissance du chiffre d&#8217;affaires<\/strong><\/p><p><em>Nouveaux produits<\/em><br \/><em>Nouvelles implantations<\/em><br \/><em>Croissance externe<\/em><\/p><p><strong>Reporting adapt\u00e9<\/strong><\/p><p><em>Am\u00e9lioration de la rentabilit\u00e9<\/em><br \/><em>Optimisation de la tr\u00e9sorerie, gestion du BFR notamment<\/em><\/p>\t\t\t\t\t\t<\/div>\n\t\t\t\t<\/div>\n\t\t\t\t\t<\/div>\n\t\t<\/div>\n\t\t\t\t<div class=\"elementor-column elementor-col-33 elementor-inner-column elementor-element elementor-element-98c14ac\" data-id=\"98c14ac\" data-element_type=\"column\">\n\t\t\t<div class=\"elementor-widget-wrap\">\n\t\t\t\t\t\t\t\t\t<\/div>\n\t\t<\/div>\n\t\t\t\t<div class=\"elementor-column elementor-col-33 elementor-inner-column elementor-element elementor-element-c3b0598\" data-id=\"c3b0598\" data-element_type=\"column\" data-settings=\"{&quot;background_background&quot;:&quot;classic&quot;}\">\n\t\t\t<div class=\"elementor-widget-wrap elementor-element-populated\">\n\t\t\t\t\t\t\t\t<div class=\"elementor-element elementor-element-b8e9cee elementor-widget elementor-widget-text-editor\" data-id=\"b8e9cee\" data-element_type=\"widget\" data-widget_type=\"text-editor.default\">\n\t\t\t\t<div class=\"elementor-widget-container\">\n\t\t\t\t\t\t\t\t<p>NOTRE SAVOIR-FAIRE<\/p>\t\t\t\t\t\t<\/div>\n\t\t\t\t<\/div>\n\t\t\t\t<div class=\"elementor-element elementor-element-08a4323 elementor-widget elementor-widget-text-editor\" data-id=\"08a4323\" data-element_type=\"widget\" data-widget_type=\"text-editor.default\">\n\t\t\t\t<div class=\"elementor-widget-container\">\n\t\t\t\t\t\t\t\t<p>Une large exp\u00e9rience op\u00e9rationnelle des \u00e9quipes de MyHa, professionnels de la cr\u00e9ation de valeur, fort d\u2019une double culture d\u2019investisseurs et de manager<\/p><p>Une palette d\u2019accompagnements sur mesure et diversifi\u00e9e, respectant le r\u00f4le des dirigeants d\u2019entreprise<\/p><p>Une expertise en termes d\u2019origination, de r\u00e9alisation et d\u2019int\u00e9gration d\u2019op\u00e9rations de croissance externe<\/p><p>Un nombre de participations limit\u00e9 pour une meilleure disponibilit\u00e9 au quotidien<\/p>\t\t\t\t\t\t<\/div>\n\t\t\t\t<\/div>\n\t\t\t\t\t<\/div>\n\t\t<\/div>\n\t\t\t\t\t\t\t<\/div>\n\t\t<\/section>\n\t\t\t\t\t<\/div>\n\t\t<\/div>\n\t\t\t\t\t\t\t<\/div>\n\t\t<\/section>\n\t\t\t\t\t\t<\/div>\n\t\t\t\t\t<\/div>\n\t\t","protected":false},"excerpt":{"rendered":"<p>DYNAMISER NOS TALENTS POUR MAXIMISER LA CREATION DE VALEUR OBJECTIFS DE CREATION DE VALEUR Croissance du chiffre d&#8217;affaires Nouveaux produitsNouvelles implantationsCroissance externe Reporting adapt\u00e9 Am\u00e9lioration de la rentabilit\u00e9Optimisation de la &#8230;<\/p>\n","protected":false},"author":1,"featured_media":0,"parent":0,"menu_order":3,"comment_status":"closed","ping_status":"closed","template":"","meta":{"footnotes":""},"class_list":["post-251","page","type-page","status-publish","hentry"],"_links":{"self":[{"href":"https:\/\/myhapartners.com\/index.php\/wp-json\/wp\/v2\/pages\/251","targetHints":{"allow":["GET"]}}],"collection":[{"href":"https:\/\/myhapartners.com\/index.php\/wp-json\/wp\/v2\/pages"}],"about":[{"href":"https:\/\/myhapartners.com\/index.php\/wp-json\/wp\/v2\/types\/page"}],"author":[{"embeddable":true,"href":"https:\/\/myhapartners.com\/index.php\/wp-json\/wp\/v2\/users\/1"}],"replies":[{"embeddable":true,"href":"https:\/\/myhapartners.com\/index.php\/wp-json\/wp\/v2\/comments?post=251"}],"version-history":[{"count":13,"href":"https:\/\/myhapartners.com\/index.php\/wp-json\/wp\/v2\/pages\/251\/revisions"}],"predecessor-version":[{"id":363,"href":"https:\/\/myhapartners.com\/index.php\/wp-json\/wp\/v2\/pages\/251\/revisions\/363"}],"wp:attachment":[{"href":"https:\/\/myhapartners.com\/index.php\/wp-json\/wp\/v2\/media?parent=251"}],"curies":[{"name":"wp","href":"https:\/\/api.w.org\/{rel}","templated":true}]}}